{"id":8322,"date":"2024-11-21T20:54:30","date_gmt":"2024-11-21T18:54:30","guid":{"rendered":"https:\/\/www.ardevolana.net\/politica-de-cookies\/"},"modified":"2025-03-24T12:03:43","modified_gmt":"2025-03-24T10:03:43","slug":"politique-de-cookies","status":"publish","type":"page","link":"https:\/\/www.ardevolana.net\/fr\/politique-de-cookies\/","title":{"rendered":"Politique de cookies"},"content":{"rendered":"\n<p class=\"\">Sur le site https:\/\/www.ardevolana.net, nous utilisons des cookies pour faciliter la relation entre les visiteurs et notre contenu et pour nous permettre d&rsquo;\u00e9tablir des statistiques sur les visiteurs que nous recevons.<\/p>\n\n\n\n<p class=\"\">Conform\u00e9ment \u00e0 la Directive 2009\/136\/CE, d\u00e9velopp\u00e9e dans notre l\u00e9gislation par le deuxi\u00e8me paragraphe de l&rsquo;article 22 de la Loi sur les Services de la Soci\u00e9t\u00e9 de l&rsquo;Information, suivant les directives de l&rsquo;Agence Espagnole de Protection des Donn\u00e9es, nous proc\u00e9dons \u00e0 vous informer en d\u00e9tail de l&rsquo;utilisation faite de notre site Web.<\/p>\n\n\n\n<p class=\"\">Les cookies sont de petits fichiers qui sont enregistr\u00e9s dans le navigateur utilis\u00e9 par chaque visiteur de notre site Web afin que le serveur puisse se souvenir de la visite de cet utilisateur ult\u00e9rieurement lorsqu&rsquo;il acc\u00e8de \u00e0 nouveau \u00e0 notre contenu. Ces informations ne r\u00e9v\u00e8lent pas votre identit\u00e9, vos donn\u00e9es personnelles ou n&rsquo;acc\u00e8dent pas au contenu stock\u00e9 sur votre PC, mais elles permettent \u00e0 notre syst\u00e8me de vous identifier en tant qu&rsquo;utilisateur sp\u00e9cifique qui a d\u00e9j\u00e0 visit\u00e9 le site Web, consult\u00e9 certaines pages, etc. et vous permet \u00e9galement d&rsquo;enregistrer vos pr\u00e9f\u00e9rences personnelles et des informations techniques telles que les visites effectu\u00e9es ou les pages sp\u00e9cifiques que vous visitez.<\/p>\n\n\n\n<p class=\"\">Le but des cookies est de fournir \u00e0 l&rsquo;Utilisateur un acc\u00e8s plus rapide aux Services s\u00e9lectionn\u00e9s.<br><br>Si vous ne souhaitez pas que des cookies soient stock\u00e9s dans votre navigateur ou pr\u00e9f\u00e9rez recevoir des informations \u00e0 chaque fois qu&rsquo;un cookie demande \u00e0 \u00eatre install\u00e9, vous pouvez configurer vos options de navigation pour que cela se fasse de cette mani\u00e8re. La plupart des navigateurs permettent de g\u00e9rer les cookies de 3 mani\u00e8res diff\u00e9rentes:<\/p>\n\n\n\n<ul class=\"wp-block-list\">\n<li class=\"\">Les cookies sont toujours rejet\u00e9s;<\/li>\n\n\n\n<li class=\"\">Le navigateur demande si l&rsquo;utilisateur souhaite installer chaque cookie;<\/li>\n\n\n\n<li class=\"\">Les cookies sont toujours accept\u00e9s;<\/li>\n<\/ul>\n\n\n\n<p class=\"\">Votre navigateur peut \u00e9galement inclure la possibilit\u00e9 de s\u00e9lectionner en d\u00e9tail les cookies que vous souhaitez installer sur votre ordinateur. Plus pr\u00e9cis\u00e9ment, l\u2019utilisateur peut g\u00e9n\u00e9ralement accepter l\u2019une des options suivantes:<\/p>\n\n\n\n<ul class=\"wp-block-list\">\n<li class=\"\">rejeter les cookies de certains domaines;<\/li>\n\n\n\n<li class=\"\">rejeter les cookies tiers;<\/li>\n\n\n\n<li class=\"\">accepter les cookies comme non persistants (ils sont supprim\u00e9s \u00e0 la fermeture du navigateur);<\/li>\n\n\n\n<li class=\"\">permettre au serveur de cr\u00e9er des cookies pour un domaine diff\u00e9rent.<\/li>\n<\/ul>\n\n\n\n<p class=\"\"><strong>Pour autoriser, conna\u00eetre, bloquer ou supprimer les cookies install\u00e9s sur votre ordinateur, vous pouvez le faire en configurant les options du navigateur install\u00e9 sur votre ordinateur.<\/strong><\/p>\n\n\n\n<p class=\"\">Vous pouvez trouver des informations sur la fa\u00e7on de configurer les navigateurs les plus couramment utilis\u00e9s aux emplacements suivants\u00a0:<\/p>\n\n\n\n<ul class=\"wp-block-list\">\n<li class=\"\"><strong>Internet Explorer<\/strong>: Outils -> Options Internet -> Confidentialit\u00e9 -> Param\u00e8tres. Pour plus d\u2019informations, vous pouvez consulter le support Microsoft ou l\u2019aide du navigateur.<\/li>\n\n\n\n<li class=\"\"><strong>Firefox<\/strong>: Outils -> Options -> Confidentialit\u00e9 -> Historique -> Param\u00e8tres personnalis\u00e9s. Pour plus d&rsquo;informations, vous pouvez consulter le support Mozilla ou l&rsquo;aide du navigateur.<\/li>\n\n\n\n<li class=\"\"><strong>Chrome<\/strong>: Param\u00e8tres -> Afficher les options avanc\u00e9es -> Confidentialit\u00e9 -> Param\u00e8tres de contenu. Pour plus d&rsquo;informations, vous pouvez consulter le support Google ou l&rsquo;aide du navigateur.<\/li>\n\n\n\n<li class=\"\"><strong>Safari<\/strong>: Pr\u00e9f\u00e9rences -> S\u00e9curit\u00e9. Pour plus d&rsquo;informations, vous pouvez consulter l&rsquo;assistance Apple ou l&rsquo;aide de votre navigateur.<\/li>\n<\/ul>\n\n\n\n<p class=\"\">En ce qui concerne les cookies tiers, c&rsquo;est-\u00e0-dire ceux qui sont externes \u00e0 notre site Web, nous ne pouvons pas \u00eatre tenus responsables du contenu et de la v\u00e9racit\u00e9 des politiques de confidentialit\u00e9 qu&rsquo;ils incluent, de sorte que les informations que nous vous proposons sont toujours en r\u00e9f\u00e9rence \u00e0 la source.<\/p>\n\n\n\n<p class=\"\">Ci-dessous, nous vous informons en d\u00e9tail sur les cookies qui peuvent \u00eatre install\u00e9s \u00e0 partir de notre site Web. Selon votre navigation, tous ou seulement certains d&rsquo;entre eux peuvent \u00eatre install\u00e9s.<\/p>\n\n\n\n<figure class=\"wp-block-table\"><table><tbody><tr><td>Nom<\/td><td>Cat\u00e9gorie<\/td><td>Description<\/td><td>Propi\u00e9t\u00e9<\/td><td>Dur\u00e9e<\/td><\/tr><tr><td>wordpress_<\/td><td>Fonctionnalit\u00e9<\/td><td>Il est activ\u00e9 lors de la connexion et enregistre les d\u00e9tails d&rsquo;authentification.<\/td><td>Propre<\/td><td>1 an<\/td><\/tr><tr><td>wordpress_logged_in_<\/td><td>Fonctionnalit\u00e9<\/td><td>Il est activ\u00e9 lors de la connexion et enregistre les d\u00e9tails d&rsquo;authentification.<\/td><td>Propre<\/td><td>1 an<\/td><\/tr><tr><td>wordpress_test_cookie<\/td><td>Fonctionnalit\u00e9<\/td><td>Il est activ\u00e9 lors de la connexion et enregistre les d\u00e9tails d&rsquo;authentification.<\/td><td>Propre<\/td><td>1 an<\/td><\/tr><tr><td>wp-settings-<\/td><td>Fonctionnalit\u00e9<\/td><td>Il est utilis\u00e9 pour personnaliser l&rsquo;interface utilisateur.<\/td><td>Propre<\/td><td>1 an<\/td><\/tr><tr><td>wp-settings-time-<\/td><td>Fonctionnalit\u00e9<\/td><td>Il est utilis\u00e9 pour personnaliser l&rsquo;interface utilisateur.<\/td><td>Propre<\/td><td>Fin de session<\/td><\/tr><tr><td>cookies_and_content_security_policy<\/td><td>Fonctionnalit\u00e9<\/td><td>Il contient un code permettant de v\u00e9rifier que la politique relative aux cookies a \u00e9t\u00e9 accept\u00e9e.<\/td><td>Propre<\/td><td>1 jour<\/td><\/tr><\/tbody><\/table><\/figure>\n\n\n\n<p class=\"\">Cette politique de cookies peut \u00eatre modifi\u00e9e en fonction des exigences l\u00e9gislatives et r\u00e9glementaires, ou afin d&rsquo;adapter cette politique aux instructions \u00e9mises par l&rsquo;Agence espagnole de protection des donn\u00e9es, c&rsquo;est pourquoi il est conseill\u00e9 aux utilisateurs de la consulter p\u00e9riodiquement.<\/p>\n\n\n\n<p class=\"\">Lorsque des modifications importantes interviennent dans la pr\u00e9sente Politique de Cookies, elles seront communiqu\u00e9es aux Utilisateurs soit via le site Web, soit par courrier \u00e9lectronique aux Utilisateurs enregistr\u00e9s.<\/p>\n","protected":false},"excerpt":{"rendered":"<p>Sur le site https:\/\/www.ardevolana.net, nous utilisons des cookies pour faciliter la relation entre les visiteurs et notre contenu et pour nous permettre d&rsquo;\u00e9tablir des statistiques sur les visiteurs que nous recevons. Conform\u00e9ment<span class=\"more-dots\">&#8230;<\/span> <span class=\"more-tag\"><a class=\"more-link\" href=\"https:\/\/www.ardevolana.net\/fr\/politique-de-cookies\/\">Know More<span class=\"screen-reader-text\"> \"Politique de cookies\"<\/span><\/a><\/span><!-- .more-tag --><\/p>\n","protected":false},"author":1,"featured_media":0,"parent":0,"menu_order":7,"comment_status":"closed","ping_status":"closed","template":"","meta":{"footnotes":""},"class_list":["post-8322","page","type-page","status-publish","hentry"],"aioseo_notices":[],"_links":{"self":[{"href":"https:\/\/www.ardevolana.net\/fr\/wp-json\/wp\/v2\/pages\/8322","targetHints":{"allow":["GET"]}}],"collection":[{"href":"https:\/\/www.ardevolana.net\/fr\/wp-json\/wp\/v2\/pages"}],"about":[{"href":"https:\/\/www.ardevolana.net\/fr\/wp-json\/wp\/v2\/types\/page"}],"author":[{"embeddable":true,"href":"https:\/\/www.ardevolana.net\/fr\/wp-json\/wp\/v2\/users\/1"}],"replies":[{"embeddable":true,"href":"https:\/\/www.ardevolana.net\/fr\/wp-json\/wp\/v2\/comments?post=8322"}],"version-history":[{"count":4,"href":"https:\/\/www.ardevolana.net\/fr\/wp-json\/wp\/v2\/pages\/8322\/revisions"}],"predecessor-version":[{"id":8394,"href":"https:\/\/www.ardevolana.net\/fr\/wp-json\/wp\/v2\/pages\/8322\/revisions\/8394"}],"wp:attachment":[{"href":"https:\/\/www.ardevolana.net\/fr\/wp-json\/wp\/v2\/media?parent=8322"}],"curies":[{"name":"wp","href":"https:\/\/api.w.org\/{rel}","templated":true}]}}