{"id":8225,"date":"2024-11-26T12:45:06","date_gmt":"2024-11-26T10:45:06","guid":{"rendered":"https:\/\/www.ardevolana.net\/activitat\/"},"modified":"2024-11-28T14:49:52","modified_gmt":"2024-11-28T12:49:52","slug":"activite","status":"publish","type":"page","link":"https:\/\/www.ardevolana.net\/fr\/activite\/","title":{"rendered":"Activit\u00e9"},"content":{"rendered":"\t\t<div data-elementor-type=\"wp-page\" data-elementor-id=\"8225\" class=\"elementor elementor-8225 elementor-7527\">\n\t\t\t\t\t\t<section class=\"has_ma_el_bg_slider elementor-section elementor-top-section elementor-element elementor-element-33d2ce19 elementor-section-stretched elementor-section-boxed elementor-section-height-default elementor-section-height-default jltma-glass-effect-no\" data-id=\"33d2ce19\" data-element_type=\"section\" data-settings=\"{&quot;stretch_section&quot;:&quot;section-stretched&quot;}\">\n\t\t\t\t\t\t<div class=\"elementor-container elementor-column-gap-no\">\n\t\t\t\t\t<div class=\"has_ma_el_bg_slider elementor-column elementor-col-100 elementor-top-column elementor-element elementor-element-b5c3310 jltma-glass-effect-no\" data-id=\"b5c3310\" data-element_type=\"column\">\n\t\t\t<div class=\"elementor-widget-wrap elementor-element-populated\">\n\t\t\t\t\t\t<section class=\"has_ma_el_bg_slider elementor-section elementor-inner-section elementor-element elementor-element-cd670fc elementor-section-full_width elementor-section-height-default elementor-section-height-default jltma-glass-effect-no\" data-id=\"cd670fc\" data-element_type=\"section\">\n\t\t\t\t\t\t<div class=\"elementor-container elementor-column-gap-default\">\n\t\t\t\t\t<div class=\"has_ma_el_bg_slider elementor-column elementor-col-100 elementor-inner-column elementor-element elementor-element-c356b56 jltma-glass-effect-no\" data-id=\"c356b56\" data-element_type=\"column\">\n\t\t\t<div class=\"elementor-widget-wrap elementor-element-populated\">\n\t\t\t\t\t\t<div class=\"elementor-element elementor-element-9c74221 jltma-glass-effect-no elementor-widget elementor-widget-image\" data-id=\"9c74221\" data-element_type=\"widget\" id=\"transport\" data-widget_type=\"image.default\">\n\t\t\t\t<div class=\"elementor-widget-container\">\n\t\t\t\t\t\t\t\t\t\t\t\t\t<img decoding=\"async\" src=\"https:\/\/www.ardevolana.net\/wp-content\/uploads\/2024\/11\/transport-ardevolana-600x180.jpg\" title=\"transport-ardevolana\" alt=\"transport-ardevolana\" loading=\"lazy\" \/>\t\t\t\t\t\t\t\t\t\t\t\t\t<\/div>\n\t\t\t\t<\/div>\n\t\t\t\t<div class=\"elementor-element elementor-element-05ae89d jltma-glass-effect-no elementor-widget elementor-widget-text-editor\" data-id=\"05ae89d\" data-element_type=\"widget\" data-widget_type=\"text-editor.default\">\n\t\t\t\t<div class=\"elementor-widget-container\">\n\t\t\t\t\t\t\t<p>Service de transport routier de marchandises national et international au sein de l&rsquo;Union Europ\u00e9enne. Nous disposons d&rsquo;une flotte de camions \u00e9quip\u00e9s de remorques baignoire, fond mouvant, tautliner, low side, gondole et plateforme; en plus d&rsquo;une grue, d&rsquo;un camion t\u00e9lescopique et d&rsquo;un chariot \u00e9l\u00e9vateur; pour pouvoir offrir le meilleur service \u00e0 chaque transport.<\/p>\t\t\t\t\t\t<\/div>\n\t\t\t\t<\/div>\n\t\t\t\t<section class=\"has_ma_el_bg_slider elementor-section elementor-inner-section elementor-element elementor-element-f57df4c elementor-section-boxed elementor-section-height-default elementor-section-height-default jltma-glass-effect-no\" data-id=\"f57df4c\" data-element_type=\"section\">\n\t\t\t\t\t\t<div class=\"elementor-container elementor-column-gap-default\">\n\t\t\t\t\t<div class=\"has_ma_el_bg_slider elementor-column elementor-col-33 elementor-inner-column elementor-element elementor-element-739d6f9 jltma-glass-effect-no\" data-id=\"739d6f9\" data-element_type=\"column\">\n\t\t\t<div class=\"elementor-widget-wrap elementor-element-populated\">\n\t\t\t\t\t\t<div class=\"elementor-element elementor-element-8784f85 jltma-glass-effect-no elementor-widget elementor-widget-image\" data-id=\"8784f85\" data-element_type=\"widget\" data-widget_type=\"image.default\">\n\t\t\t\t<div class=\"elementor-widget-container\">\n\t\t\t\t\t\t\t\t\t\t\t\t\t<img fetchpriority=\"high\" decoding=\"async\" width=\"1024\" height=\"769\" src=\"https:\/\/www.ardevolana.net\/wp-content\/uploads\/2024\/11\/1731525420907-1024x769.jpg\" class=\"attachment-large size-large wp-image-7668\" alt=\"\" srcset=\"https:\/\/www.ardevolana.net\/wp-content\/uploads\/2024\/11\/1731525420907-1024x769.jpg 1024w, https:\/\/www.ardevolana.net\/wp-content\/uploads\/2024\/11\/1731525420907-300x225.jpg 300w, https:\/\/www.ardevolana.net\/wp-content\/uploads\/2024\/11\/1731525420907-768x577.jpg 768w, https:\/\/www.ardevolana.net\/wp-content\/uploads\/2024\/11\/1731525420907-1536x1153.jpg 1536w, https:\/\/www.ardevolana.net\/wp-content\/uploads\/2024\/11\/1731525420907-2048x1537.jpg 2048w, https:\/\/www.ardevolana.net\/wp-content\/uploads\/2024\/11\/1731525420907-800x600.jpg 800w, https:\/\/www.ardevolana.net\/wp-content\/uploads\/2024\/11\/1731525420907-600x450.jpg 600w\" sizes=\"(max-width: 1024px) 100vw, 1024px\" \/>\t\t\t\t\t\t\t\t\t\t\t\t\t<\/div>\n\t\t\t\t<\/div>\n\t\t\t\t\t<\/div>\n\t\t<\/div>\n\t\t\t\t<div class=\"has_ma_el_bg_slider elementor-column elementor-col-33 elementor-inner-column elementor-element elementor-element-c0fd447 jltma-glass-effect-no\" data-id=\"c0fd447\" data-element_type=\"column\">\n\t\t\t<div class=\"elementor-widget-wrap elementor-element-populated\">\n\t\t\t\t\t\t<div class=\"elementor-element elementor-element-eecfdc2 jltma-glass-effect-no elementor-widget elementor-widget-image\" data-id=\"eecfdc2\" data-element_type=\"widget\" data-widget_type=\"image.default\">\n\t\t\t\t<div class=\"elementor-widget-container\">\n\t\t\t\t\t\t\t\t\t\t\t\t\t<img decoding=\"async\" width=\"1024\" height=\"769\" src=\"https:\/\/www.ardevolana.net\/wp-content\/uploads\/2024\/11\/1731525919367-1024x769.jpg\" class=\"attachment-large size-large wp-image-7669\" alt=\"\" srcset=\"https:\/\/www.ardevolana.net\/wp-content\/uploads\/2024\/11\/1731525919367-1024x769.jpg 1024w, https:\/\/www.ardevolana.net\/wp-content\/uploads\/2024\/11\/1731525919367-300x225.jpg 300w, https:\/\/www.ardevolana.net\/wp-content\/uploads\/2024\/11\/1731525919367-768x577.jpg 768w, https:\/\/www.ardevolana.net\/wp-content\/uploads\/2024\/11\/1731525919367-1536x1153.jpg 1536w, https:\/\/www.ardevolana.net\/wp-content\/uploads\/2024\/11\/1731525919367-2048x1537.jpg 2048w, https:\/\/www.ardevolana.net\/wp-content\/uploads\/2024\/11\/1731525919367-800x600.jpg 800w, https:\/\/www.ardevolana.net\/wp-content\/uploads\/2024\/11\/1731525919367-600x450.jpg 600w\" sizes=\"(max-width: 1024px) 100vw, 1024px\" \/>\t\t\t\t\t\t\t\t\t\t\t\t\t<\/div>\n\t\t\t\t<\/div>\n\t\t\t\t\t<\/div>\n\t\t<\/div>\n\t\t\t\t<div class=\"has_ma_el_bg_slider elementor-column elementor-col-33 elementor-inner-column elementor-element elementor-element-d0fa91c jltma-glass-effect-no\" data-id=\"d0fa91c\" data-element_type=\"column\">\n\t\t\t<div class=\"elementor-widget-wrap elementor-element-populated\">\n\t\t\t\t\t\t<div class=\"elementor-element elementor-element-f1012dd jltma-glass-effect-no elementor-widget elementor-widget-image\" data-id=\"f1012dd\" data-element_type=\"widget\" data-widget_type=\"image.default\">\n\t\t\t\t<div class=\"elementor-widget-container\">\n\t\t\t\t\t\t\t\t\t\t\t\t\t<img decoding=\"async\" width=\"1024\" height=\"769\" src=\"https:\/\/www.ardevolana.net\/wp-content\/uploads\/2024\/11\/1731526089497-1024x769.jpg\" class=\"attachment-large size-large wp-image-7670\" alt=\"\" srcset=\"https:\/\/www.ardevolana.net\/wp-content\/uploads\/2024\/11\/1731526089497-1024x769.jpg 1024w, https:\/\/www.ardevolana.net\/wp-content\/uploads\/2024\/11\/1731526089497-300x225.jpg 300w, https:\/\/www.ardevolana.net\/wp-content\/uploads\/2024\/11\/1731526089497-768x577.jpg 768w, https:\/\/www.ardevolana.net\/wp-content\/uploads\/2024\/11\/1731526089497-1536x1153.jpg 1536w, https:\/\/www.ardevolana.net\/wp-content\/uploads\/2024\/11\/1731526089497-2048x1537.jpg 2048w, https:\/\/www.ardevolana.net\/wp-content\/uploads\/2024\/11\/1731526089497-800x600.jpg 800w, https:\/\/www.ardevolana.net\/wp-content\/uploads\/2024\/11\/1731526089497-600x450.jpg 600w\" sizes=\"(max-width: 1024px) 100vw, 1024px\" \/>\t\t\t\t\t\t\t\t\t\t\t\t\t<\/div>\n\t\t\t\t<\/div>\n\t\t\t\t\t<\/div>\n\t\t<\/div>\n\t\t\t\t\t<\/div>\n\t\t<\/section>\n\t\t\t\t\t<\/div>\n\t\t<\/div>\n\t\t\t\t\t<\/div>\n\t\t<\/section>\n\t\t\t\t\t<\/div>\n\t\t<\/div>\n\t\t\t\t\t<\/div>\n\t\t<\/section>\n\t\t\t\t<section class=\"has_ma_el_bg_slider elementor-section elementor-top-section elementor-element elementor-element-912f82d elementor-section-full_width elementor-section-height-default elementor-section-height-default jltma-glass-effect-no\" data-id=\"912f82d\" data-element_type=\"section\" data-settings=\"{&quot;background_background&quot;:&quot;classic&quot;}\">\n\t\t\t\t\t\t<div class=\"elementor-container elementor-column-gap-default\">\n\t\t\t\t\t<div class=\"has_ma_el_bg_slider elementor-column elementor-col-100 elementor-top-column elementor-element elementor-element-d3de2b6 jltma-glass-effect-no\" data-id=\"d3de2b6\" data-element_type=\"column\">\n\t\t\t<div class=\"elementor-widget-wrap elementor-element-populated\">\n\t\t\t\t\t\t<section class=\"has_ma_el_bg_slider elementor-section elementor-inner-section elementor-element elementor-element-b36381e footer footer-5 grunge-edge elementor-section-boxed elementor-section-height-default elementor-section-height-default jltma-glass-effect-no\" data-id=\"b36381e\" data-element_type=\"section\">\n\t\t\t\t\t\t<div class=\"elementor-container elementor-column-gap-default\">\n\t\t\t\t\t<div class=\"has_ma_el_bg_slider elementor-column elementor-col-100 elementor-inner-column elementor-element elementor-element-7137e42 jltma-glass-effect-no\" data-id=\"7137e42\" data-element_type=\"column\">\n\t\t\t<div class=\"elementor-widget-wrap elementor-element-populated\">\n\t\t\t\t\t\t<div class=\"elementor-element elementor-element-d64cb22 jltma-glass-effect-no elementor-widget elementor-widget-text-editor\" data-id=\"d64cb22\" data-element_type=\"widget\" data-widget_type=\"text-editor.default\">\n\t\t\t\t<div class=\"elementor-widget-container\">\n\t\t\t\t\t\t\t<center><a href=\"https:\/\/www.ardevolana.net\/fr\/contact\/\"><strong>+INFO<\/strong><\/a> Demander des informations sans engagement<\/center>\t\t\t\t\t\t<\/div>\n\t\t\t\t<\/div>\n\t\t\t\t\t<\/div>\n\t\t<\/div>\n\t\t\t\t\t<\/div>\n\t\t<\/section>\n\t\t\t\t\t<\/div>\n\t\t<\/div>\n\t\t\t\t\t<\/div>\n\t\t<\/section>\n\t\t\t\t<section class=\"has_ma_el_bg_slider elementor-section elementor-top-section elementor-element elementor-element-80327e5 elementor-section-stretched elementor-section-boxed elementor-section-height-default elementor-section-height-default jltma-glass-effect-no\" data-id=\"80327e5\" data-element_type=\"section\" data-settings=\"{&quot;stretch_section&quot;:&quot;section-stretched&quot;}\">\n\t\t\t\t\t\t<div class=\"elementor-container elementor-column-gap-no\">\n\t\t\t\t\t<div class=\"has_ma_el_bg_slider elementor-column elementor-col-100 elementor-top-column elementor-element elementor-element-8e09e00 jltma-glass-effect-no\" data-id=\"8e09e00\" data-element_type=\"column\">\n\t\t\t<div class=\"elementor-widget-wrap elementor-element-populated\">\n\t\t\t\t\t\t<section class=\"has_ma_el_bg_slider elementor-section elementor-inner-section elementor-element elementor-element-d42f1fb elementor-section-full_width elementor-section-height-default elementor-section-height-default jltma-glass-effect-no\" data-id=\"d42f1fb\" data-element_type=\"section\">\n\t\t\t\t\t\t<div class=\"elementor-container elementor-column-gap-default\">\n\t\t\t\t\t<div class=\"has_ma_el_bg_slider elementor-column elementor-col-100 elementor-inner-column elementor-element elementor-element-8731cbb jltma-glass-effect-no\" data-id=\"8731cbb\" data-element_type=\"column\">\n\t\t\t<div class=\"elementor-widget-wrap elementor-element-populated\">\n\t\t\t\t\t\t<div class=\"elementor-element elementor-element-d1caf30 jltma-glass-effect-no elementor-widget elementor-widget-image\" data-id=\"d1caf30\" data-element_type=\"widget\" id=\"cereales\" data-widget_type=\"image.default\">\n\t\t\t\t<div class=\"elementor-widget-container\">\n\t\t\t\t\t\t\t\t\t\t\t\t\t<img decoding=\"async\" src=\"https:\/\/www.ardevolana.net\/wp-content\/uploads\/2024\/11\/cereals-ardevolana-600x180.jpg\" title=\"cereals-ardevolana\" alt=\"cereals-ardevolana\" loading=\"lazy\" \/>\t\t\t\t\t\t\t\t\t\t\t\t\t<\/div>\n\t\t\t\t<\/div>\n\t\t\t\t<div class=\"elementor-element elementor-element-9305678 jltma-glass-effect-no elementor-widget elementor-widget-text-editor\" data-id=\"9305678\" data-element_type=\"widget\" data-widget_type=\"text-editor.default\">\n\t\t\t\t<div class=\"elementor-widget-container\">\n\t\t\t\t\t\t\t<ul><li>Commercialisation de tous types de c\u00e9r\u00e9ales, ol\u00e9agineux, pailles et fourrages destin\u00e9s \u00e0 la consommation animale.<\/li><li>Commercialisation du bl\u00e9 panifiable destin\u00e9 \u00e0 la consommation humaine.<\/li><li>Engrais organiques et chimiques pour l&rsquo;agriculture<\/li><\/ul>\t\t\t\t\t\t<\/div>\n\t\t\t\t<\/div>\n\t\t\t\t<section class=\"has_ma_el_bg_slider elementor-section elementor-inner-section elementor-element elementor-element-197090b elementor-section-boxed elementor-section-height-default elementor-section-height-default jltma-glass-effect-no\" data-id=\"197090b\" data-element_type=\"section\">\n\t\t\t\t\t\t<div class=\"elementor-container elementor-column-gap-default\">\n\t\t\t\t\t<div class=\"has_ma_el_bg_slider elementor-column elementor-col-33 elementor-inner-column elementor-element elementor-element-0229311 jltma-glass-effect-no\" data-id=\"0229311\" data-element_type=\"column\">\n\t\t\t<div class=\"elementor-widget-wrap elementor-element-populated\">\n\t\t\t\t\t\t<div class=\"elementor-element elementor-element-49b8eea jltma-glass-effect-no elementor-widget elementor-widget-image\" data-id=\"49b8eea\" data-element_type=\"widget\" data-widget_type=\"image.default\">\n\t\t\t\t<div class=\"elementor-widget-container\">\n\t\t\t\t\t\t\t\t\t\t\t\t\t<img loading=\"lazy\" decoding=\"async\" width=\"1024\" height=\"769\" src=\"https:\/\/www.ardevolana.net\/wp-content\/uploads\/2024\/11\/hands-with-grain-corn-2024-09-22-23-35-57-utc-1024x769.jpg\" class=\"attachment-large size-large wp-image-7671\" alt=\"\" srcset=\"https:\/\/www.ardevolana.net\/wp-content\/uploads\/2024\/11\/hands-with-grain-corn-2024-09-22-23-35-57-utc-1024x769.jpg 1024w, https:\/\/www.ardevolana.net\/wp-content\/uploads\/2024\/11\/hands-with-grain-corn-2024-09-22-23-35-57-utc-300x225.jpg 300w, https:\/\/www.ardevolana.net\/wp-content\/uploads\/2024\/11\/hands-with-grain-corn-2024-09-22-23-35-57-utc-768x577.jpg 768w, https:\/\/www.ardevolana.net\/wp-content\/uploads\/2024\/11\/hands-with-grain-corn-2024-09-22-23-35-57-utc-1536x1153.jpg 1536w, https:\/\/www.ardevolana.net\/wp-content\/uploads\/2024\/11\/hands-with-grain-corn-2024-09-22-23-35-57-utc-2048x1537.jpg 2048w, https:\/\/www.ardevolana.net\/wp-content\/uploads\/2024\/11\/hands-with-grain-corn-2024-09-22-23-35-57-utc-800x600.jpg 800w, https:\/\/www.ardevolana.net\/wp-content\/uploads\/2024\/11\/hands-with-grain-corn-2024-09-22-23-35-57-utc-600x450.jpg 600w\" sizes=\"(max-width: 1024px) 100vw, 1024px\" \/>\t\t\t\t\t\t\t\t\t\t\t\t\t<\/div>\n\t\t\t\t<\/div>\n\t\t\t\t\t<\/div>\n\t\t<\/div>\n\t\t\t\t<div class=\"has_ma_el_bg_slider elementor-column elementor-col-33 elementor-inner-column elementor-element elementor-element-b45bfdf jltma-glass-effect-no\" data-id=\"b45bfdf\" data-element_type=\"column\">\n\t\t\t<div class=\"elementor-widget-wrap elementor-element-populated\">\n\t\t\t\t\t\t<div class=\"elementor-element elementor-element-a0a536b jltma-glass-effect-no elementor-widget elementor-widget-image\" data-id=\"a0a536b\" data-element_type=\"widget\" data-widget_type=\"image.default\">\n\t\t\t\t<div class=\"elementor-widget-container\">\n\t\t\t\t\t\t\t\t\t\t\t\t\t<img loading=\"lazy\" decoding=\"async\" width=\"1024\" height=\"769\" src=\"https:\/\/www.ardevolana.net\/wp-content\/uploads\/2024\/11\/IMAG0337-1024x769.jpg\" class=\"attachment-large size-large wp-image-7672\" alt=\"\" srcset=\"https:\/\/www.ardevolana.net\/wp-content\/uploads\/2024\/11\/IMAG0337-1024x769.jpg 1024w, https:\/\/www.ardevolana.net\/wp-content\/uploads\/2024\/11\/IMAG0337-300x225.jpg 300w, https:\/\/www.ardevolana.net\/wp-content\/uploads\/2024\/11\/IMAG0337-768x577.jpg 768w, https:\/\/www.ardevolana.net\/wp-content\/uploads\/2024\/11\/IMAG0337-1536x1153.jpg 1536w, https:\/\/www.ardevolana.net\/wp-content\/uploads\/2024\/11\/IMAG0337-2048x1537.jpg 2048w, https:\/\/www.ardevolana.net\/wp-content\/uploads\/2024\/11\/IMAG0337-800x600.jpg 800w, https:\/\/www.ardevolana.net\/wp-content\/uploads\/2024\/11\/IMAG0337-600x450.jpg 600w\" sizes=\"(max-width: 1024px) 100vw, 1024px\" \/>\t\t\t\t\t\t\t\t\t\t\t\t\t<\/div>\n\t\t\t\t<\/div>\n\t\t\t\t\t<\/div>\n\t\t<\/div>\n\t\t\t\t<div class=\"has_ma_el_bg_slider elementor-column elementor-col-33 elementor-inner-column elementor-element elementor-element-ea527ff jltma-glass-effect-no\" data-id=\"ea527ff\" data-element_type=\"column\">\n\t\t\t<div class=\"elementor-widget-wrap elementor-element-populated\">\n\t\t\t\t\t\t<div class=\"elementor-element elementor-element-810a879 jltma-glass-effect-no elementor-widget elementor-widget-image\" data-id=\"810a879\" data-element_type=\"widget\" data-widget_type=\"image.default\">\n\t\t\t\t<div class=\"elementor-widget-container\">\n\t\t\t\t\t\t\t\t\t\t\t\t\t<img loading=\"lazy\" decoding=\"async\" width=\"1024\" height=\"768\" src=\"https:\/\/www.ardevolana.net\/wp-content\/uploads\/2024\/11\/IMG_20190827_112409-1024x768.jpg\" class=\"attachment-large size-large wp-image-7673\" alt=\"\" srcset=\"https:\/\/www.ardevolana.net\/wp-content\/uploads\/2024\/11\/IMG_20190827_112409-1024x768.jpg 1024w, https:\/\/www.ardevolana.net\/wp-content\/uploads\/2024\/11\/IMG_20190827_112409-300x225.jpg 300w, https:\/\/www.ardevolana.net\/wp-content\/uploads\/2024\/11\/IMG_20190827_112409-768x576.jpg 768w, https:\/\/www.ardevolana.net\/wp-content\/uploads\/2024\/11\/IMG_20190827_112409-1536x1152.jpg 1536w, https:\/\/www.ardevolana.net\/wp-content\/uploads\/2024\/11\/IMG_20190827_112409-2048x1536.jpg 2048w, https:\/\/www.ardevolana.net\/wp-content\/uploads\/2024\/11\/IMG_20190827_112409-800x600.jpg 800w, https:\/\/www.ardevolana.net\/wp-content\/uploads\/2024\/11\/IMG_20190827_112409-600x450.jpg 600w\" sizes=\"(max-width: 1024px) 100vw, 1024px\" \/>\t\t\t\t\t\t\t\t\t\t\t\t\t<\/div>\n\t\t\t\t<\/div>\n\t\t\t\t\t<\/div>\n\t\t<\/div>\n\t\t\t\t\t<\/div>\n\t\t<\/section>\n\t\t\t\t\t<\/div>\n\t\t<\/div>\n\t\t\t\t\t<\/div>\n\t\t<\/section>\n\t\t\t\t\t<\/div>\n\t\t<\/div>\n\t\t\t\t\t<\/div>\n\t\t<\/section>\n\t\t\t\t<section class=\"has_ma_el_bg_slider elementor-section elementor-top-section elementor-element elementor-element-7a7745fc elementor-section-full_width elementor-section-height-default elementor-section-height-default jltma-glass-effect-no\" data-id=\"7a7745fc\" data-element_type=\"section\" data-settings=\"{&quot;background_background&quot;:&quot;classic&quot;}\">\n\t\t\t\t\t\t<div class=\"elementor-container elementor-column-gap-default\">\n\t\t\t\t\t<div class=\"has_ma_el_bg_slider elementor-column elementor-col-100 elementor-top-column elementor-element elementor-element-4590f163 title title-3 grunge-edge   jltma-glass-effect-no\" data-id=\"4590f163\" data-element_type=\"column\">\n\t\t\t<div class=\"elementor-widget-wrap elementor-element-populated\">\n\t\t\t\t\t\t<section class=\"has_ma_el_bg_slider elementor-section elementor-inner-section elementor-element elementor-element-2f2054 footer footer-5 grunge-edge elementor-section-boxed elementor-section-height-default elementor-section-height-default jltma-glass-effect-no\" data-id=\"2f2054\" data-element_type=\"section\">\n\t\t\t\t\t\t<div class=\"elementor-container elementor-column-gap-default\">\n\t\t\t\t\t<div class=\"has_ma_el_bg_slider elementor-column elementor-col-100 elementor-inner-column elementor-element elementor-element-6b3cda9 jltma-glass-effect-no\" data-id=\"6b3cda9\" data-element_type=\"column\">\n\t\t\t<div class=\"elementor-widget-wrap elementor-element-populated\">\n\t\t\t\t\t\t<div class=\"elementor-element elementor-element-cf87c0f jltma-glass-effect-no elementor-widget elementor-widget-text-editor\" data-id=\"cf87c0f\" data-element_type=\"widget\" data-widget_type=\"text-editor.default\">\n\t\t\t\t<div class=\"elementor-widget-container\">\n\t\t\t\t\t\t\t<center><a href=\"https:\/\/www.ardevolana.net\/fr\/contact\/\"><strong>+INFO<\/strong><\/a> Demander des informations sans engagement<\/center>\t\t\t\t\t\t<\/div>\n\t\t\t\t<\/div>\n\t\t\t\t\t<\/div>\n\t\t<\/div>\n\t\t\t\t\t<\/div>\n\t\t<\/section>\n\t\t\t\t\t<\/div>\n\t\t<\/div>\n\t\t\t\t\t<\/div>\n\t\t<\/section>\n\t\t\t\t<\/div>\n\t\t","protected":false},"excerpt":{"rendered":"<p>Service de transport routier de marchandises national et international au sein de l&rsquo;Union Europ\u00e9enne. Nous disposons d&rsquo;une flotte de camions \u00e9quip\u00e9s de remorques baignoire, fond mouvant, tautliner, low side, gondole et plateforme;<span class=\"more-dots\">&#8230;<\/span> <span class=\"more-tag\"><a class=\"more-link\" href=\"https:\/\/www.ardevolana.net\/fr\/activite\/\">Know More<span class=\"screen-reader-text\"> \"Activit\u00e9\"<\/span><\/a><\/span><!-- .more-tag --><\/p>\n","protected":false},"author":1,"featured_media":0,"parent":0,"menu_order":2,"comment_status":"closed","ping_status":"closed","template":"page-templates\/full-width.php","meta":{"footnotes":""},"class_list":["post-8225","page","type-page","status-publish","hentry"],"aioseo_notices":[],"_links":{"self":[{"href":"https:\/\/www.ardevolana.net\/fr\/wp-json\/wp\/v2\/pages\/8225","targetHints":{"allow":["GET"]}}],"collection":[{"href":"https:\/\/www.ardevolana.net\/fr\/wp-json\/wp\/v2\/pages"}],"about":[{"href":"https:\/\/www.ardevolana.net\/fr\/wp-json\/wp\/v2\/types\/page"}],"author":[{"embeddable":true,"href":"https:\/\/www.ardevolana.net\/fr\/wp-json\/wp\/v2\/users\/1"}],"replies":[{"embeddable":true,"href":"https:\/\/www.ardevolana.net\/fr\/wp-json\/wp\/v2\/comments?post=8225"}],"version-history":[{"count":8,"href":"https:\/\/www.ardevolana.net\/fr\/wp-json\/wp\/v2\/pages\/8225\/revisions"}],"predecessor-version":[{"id":8244,"href":"https:\/\/www.ardevolana.net\/fr\/wp-json\/wp\/v2\/pages\/8225\/revisions\/8244"}],"wp:attachment":[{"href":"https:\/\/www.ardevolana.net\/fr\/wp-json\/wp\/v2\/media?parent=8225"}],"curies":[{"name":"wp","href":"https:\/\/api.w.org\/{rel}","templated":true}]}}